{"id":3107,"date":"2025-05-17T19:44:28","date_gmt":"2025-05-17T17:44:28","guid":{"rendered":"https:\/\/inkbooking.com\/?page_id=3107"},"modified":"2025-06-10T10:54:17","modified_gmt":"2025-06-10T08:54:17","slug":"cookie-policy","status":"publish","type":"page","link":"https:\/\/inkbooking.com\/sp\/cookie-policy\/","title":{"rendered":"Cookie Policy"},"content":{"rendered":"<div data-elementor-type=\"wp-page\" data-elementor-id=\"3107\" class=\"elementor elementor-3107\">\n\t\t\t\t<div class=\"elementor-element elementor-element-1daf54f9 e-flex e-con-boxed e-con e-parent\" data-id=\"1daf54f9\" data-element_type=\"container\">\n\t\t\t\t\t<div class=\"e-con-inner\">\n\t\t\t\t<div class=\"elementor-element elementor-element-69d27ecc elementor-widget elementor-widget-text-editor\" data-id=\"69d27ecc\" data-element_type=\"widget\" data-no-translation=\"\" data-widget_type=\"text-editor.default\">\n\t\t\t\t<div class=\"elementor-widget-container\">\n\t\t\t\t\t<style>.elementor-element-69d27ecc{display:none !important}<\/style>\t\t\t\t<\/div>\n\t\t\t\t<\/div>\n\t\t\t\t<div class=\"elementor-element elementor-element-d19ebd8 elementor-widget elementor-widget-text-editor\" data-id=\"d19ebd8\" data-element_type=\"widget\" data-no-translation=\"\" data-widget_type=\"text-editor.default\">\n\t\t\t\t<div class=\"elementor-widget-container\">\n\t\t\t\t\t<style>.elementor-element-d19ebd8{display:none !important}<\/style>\t\t\t\t<\/div>\n\t\t\t\t<\/div>\n\t\t\t\t<div class=\"elementor-element elementor-element-8267db5 elementor-widget elementor-widget-text-editor\" data-id=\"8267db5\" data-element_type=\"widget\" data-no-translation=\"\" data-widget_type=\"text-editor.default\">\n\t\t\t\t<div class=\"elementor-widget-container\">\n\t\t\t\t\t<style>.elementor-element-8267db5{display:none !important}<\/style>\t\t\t\t<\/div>\n\t\t\t\t<\/div>\n\t\t\t\t<div class=\"elementor-element elementor-element-35be36c elementor-widget elementor-widget-text-editor\" data-id=\"35be36c\" data-element_type=\"widget\" data-widget_type=\"text-editor.default\">\n\t\t\t\t<div class=\"elementor-widget-container\">\n\t\t\t\t\t<style>.elementor-element-35be36c{display:none !important}<\/style>\t\t\t\t<\/div>\n\t\t\t\t<\/div>\n\t\t\t\t<div class=\"elementor-element elementor-element-0767b17 elementor-widget elementor-widget-text-editor\" data-id=\"0767b17\" data-element_type=\"widget\" data-widget_type=\"text-editor.default\">\n\t\t\t\t<div class=\"elementor-widget-container\">\n\t\t\t\t\t\t\t\t\t<h1><span style=\"font-weight: 400;\">\u00daltima actualizaci\u00f3n: [19 de mayo de 2025]<\/span><\/h1>\n<span style=\"font-weight: 400;\">Esta Pol\u00edtica de Cookies describe el uso de cookies y tecnolog\u00edas similares en el sitio InkBooking.com, de conformidad con el Reglamento (UE) 2016\/679 (GDPR) y la Directiva 2002\/58\/CE (Directiva ePrivacy), seg\u00fan lo implementado por la legislaci\u00f3n estonia.<\/span>\n<h3><span style=\"font-weight: 400;\">1. \u00bfQu\u00e9 son las cookies?<\/span><\/h3>\n<span style=\"font-weight: 400;\">Las cookies son peque\u00f1os archivos de texto que un sitio web env\u00eda al dispositivo del usuario durante la navegaci\u00f3n, donde se almacenan y luego se retransmiten a los mismos sitios en visitas posteriores. Se utilizan para mejorar la experiencia del usuario, habilitar funciones t\u00e9cnicas, analizar el uso del sitio u ofrecer publicidad personalizada.<\/span>\n<h3><span style=\"font-weight: 400;\">2.<\/span><span style=\"font-weight: 400;\"> Tipos de cookies utilizadas<\/span><\/h3>\n<span style=\"font-weight: 400;\">InkBooking.com utiliza las siguientes categor\u00edas de cookies:<\/span>\n\n<b>a) Cookies t\u00e9cnicas (necesarias)<\/b><b>\n<\/b><span style=\"font-weight: 400;\"> Estas permiten la navegaci\u00f3n y el uso de las funciones esenciales del sitio (ej. inicio de sesi\u00f3n, gesti\u00f3n de reservas, seguridad).<\/span><span style=\"font-weight: 400;\">\n<\/span><span style=\"font-weight: 400;\"> No requieren consentimiento.<\/span>\n\n<b>b) Cookies de preferencias<\/b><b>\n<\/b><span style=\"font-weight: 400;\"> Estas permiten al sitio recordar informaci\u00f3n que modifica el comportamiento o la apariencia (ej. idioma seleccionado, regi\u00f3n).<\/span>\n\n<b>c) Cookies estad\u00edsticas (Analytics)<\/b><b>\n<\/b><span style=\"font-weight: 400;\"> Estas recopilan datos an\u00f3nimos y agregados sobre el uso del sitio con fines estad\u00edsticos.<\/span><span style=\"font-weight: 400;\">\n<\/span><span style=\"font-weight: 400;\"> Utilizamos herramientas como Google Analytics (con anonimizaci\u00f3n de IP).<\/span><span style=\"font-weight: 400;\">\n<\/span><span style=\"font-weight: 400;\"> Requieren el consentimiento del usuario.<\/span>\n\n<b>d) Cookies de marketing y perfilado<\/b><b>\n<\/b><span style=\"font-weight: 400;\"> Estas se utilizan para rastrear usuarios y mostrar anuncios personalizados en este u otros sitios.<\/span><span style=\"font-weight: 400;\">\n<\/span><span style=\"font-weight: 400;\"> Solo se activan con consentimiento expl\u00edcito.<\/span>\n<h3><span style=\"font-weight: 400;\">3. Cookies de terceros<\/span><\/h3>\n<span style=\"font-weight: 400;\">Algunos servicios de terceros integrados en el sitio (ej. videos, mapas, botones sociales, herramientas de an\u00e1lisis o remarketing) pueden instalar cookies. Estas cookies son gestionadas directamente por los terceros y est\u00e1n sujetas a sus respectivas pol\u00edticas.<\/span>\n\n<span style=\"font-weight: 400;\">Ejemplos de servicios de terceros:<\/span>\n<ul>\n \t<li style=\"font-weight: 400;\" aria-level=\"1\"><span style=\"font-weight: 400;\">Google Analytics \/ Google Ads<\/span><\/li>\n \t<li style=\"font-weight: 400;\" aria-level=\"1\"><span style=\"font-weight: 400;\">Meta (Facebook\/Instagram) Pixel<\/span><\/li>\n \t<li style=\"font-weight: 400;\" aria-level=\"1\"><span style=\"font-weight: 400;\">YouTube (videos incrustados)<\/span><\/li>\n \t<li style=\"font-weight: 400;\" aria-level=\"1\"><span style=\"font-weight: 400;\">Vimeo, TikTok, LinkedIn Ads (si se utilizan en el futuro)<\/span><\/li>\n<\/ul>\n<ol>\n \t<li style=\"font-weight: 400;\" aria-level=\"1\"><span style=\"font-weight: 400;\">Gesti\u00f3n de cookies<\/span><\/li>\n<\/ol>\n<span style=\"font-weight: 400;\">En la primera visita, el usuario ver\u00e1 un banner con las opciones para:<\/span>\n<ul>\n \t<li style=\"font-weight: 400;\" aria-level=\"1\"><span style=\"font-weight: 400;\">Aceptar todas las cookies<\/span><\/li>\n \t<li style=\"font-weight: 400;\" aria-level=\"1\"><span style=\"font-weight: 400;\">Rechazar las cookies no esenciales<\/span><\/li>\n \t<li style=\"font-weight: 400;\" aria-level=\"1\"><span style=\"font-weight: 400;\">Personalizar preferencias<\/span><\/li>\n<\/ul>\n<span style=\"font-weight: 400;\">Puedes modificar tu consentimiento en cualquier momento haciendo clic en el enlace &#8220;Configuraci\u00f3n de cookies&#8221; en el pie de p\u00e1gina.<\/span>\n\n<span style=\"font-weight: 400;\">Adem\u00e1s, cada navegador permite gestionar manualmente las cookies. Para gu\u00edas en ingl\u00e9s, consulta:<\/span>\n<ul>\n \t<li style=\"font-weight: 400;\" aria-level=\"1\"><span style=\"font-weight: 400;\">Chrome \u2013 ingl\u00e9s <\/span><\/li>\n \t<li style=\"font-weight: 400;\" aria-level=\"1\"><span style=\"font-weight: 400;\">Firefox \u2013 ingl\u00e9s <\/span><\/li>\n \t<li style=\"font-weight: 400;\" aria-level=\"1\"><span style=\"font-weight: 400;\">Safari \u2013 ingl\u00e9s<\/span><\/li>\n \t<li style=\"font-weight: 400;\" aria-level=\"1\"><span style=\"font-weight: 400;\">Edge \u2013 ingl\u00e9s<\/span><\/li>\n<\/ul>\n<h3><span style=\"font-weight: 400;\">5. <\/span><span style=\"font-weight: 400;\">Duraci\u00f3n de las cookies<\/span><\/h3>\n<span style=\"font-weight: 400;\">Las cookies pueden ser:<\/span>\n<ul>\n \t<li style=\"font-weight: 400;\" aria-level=\"1\"><span style=\"font-weight: 400;\">Cookies de sesi\u00f3n (se eliminan al cerrar el navegador)<\/span><\/li>\n \t<li style=\"font-weight: 400;\" aria-level=\"1\"><span style=\"font-weight: 400;\">Cookies persistentes (permanecen en el dispositivo durante un per\u00edodo predeterminado)<\/span><\/li>\n<\/ul>\n<span style=\"font-weight: 400;\">Las duraciones espec\u00edficas se indican en el Banner de cookies al momento del consentimiento.<\/span>\n<h3><span style=\"font-weight: 400;\">6. Responsable de protecci\u00f3n de datos<\/span><\/h3>\n<span style=\"font-weight: 400;\">InkBooking.com no ha designado un Responsable de Protecci\u00f3n de Datos formal, ya que nuestras actividades de tratamiento no requieren el nombramiento obligatorio de un DPO seg\u00fan el GDPR. Para cualquier pregunta o solicitud relacionada con tus datos personales, contacta a nuestro Responsable de Privacidad:<\/span>\n\n<b>Nombre:<\/b><span style=\"font-weight: 400;\"> Responsable de Privacidad<\/span>\n\n<b>Email:<\/b><span style=\"font-weight: 400;\"> privacy@inkbooking.com<\/span>\n\n<b>Direcci\u00f3n:<\/b><span style=\"font-weight: 400;\"> InkBooking O\u00dc, Mustam\u00e4e tee 3B, 10615 Tallinn, Estonia<\/span>\n<h3><span style=\"font-weight: 400;\">7. Autoridad de control<\/span><\/h3>\n<span style=\"font-weight: 400;\">Tienes derecho a presentar una reclamaci\u00f3n ante la Inspecci\u00f3n Estonia de Protecci\u00f3n de Datos (Andmekaitse Inspektsioon):<\/span><span style=\"font-weight: 400;\">\n<\/span> <b>Sitio web:<\/b><span style=\"font-weight: 400;\"> https:\/\/www.aki.ee\/en\/for-consumers\/complaints<\/span><span style=\"font-weight: 400;\">\n<\/span> <b>Direcci\u00f3n:<\/b><span style=\"font-weight: 400;\"> Tatari tn 39, 10134 Tallinn, Estonia<\/span><span style=\"font-weight: 400;\">\n<\/span> <b>Tel\u00e9fono:<\/b><span style=\"font-weight: 400;\"> +372 627 4135<\/span>\n<h3><span style=\"font-weight: 400;\">8 Cambios en esta Pol\u00edtica<\/span><\/h3>\n<span style=\"font-weight: 400;\">Nos reservamos el derecho de actualizar esta Pol\u00edtica de Cookies en cualquier momento. Los usuarios ser\u00e1n informados mediante banner o notificaci\u00f3n si los cambios son relevantes.<\/span>\n\n<span style=\"font-weight: 400;\">Para cualquier pregunta sobre esta pol\u00edtica o para ejercer tus derechos de privacidad, puedes escribirnos a privacy@yoomultimedia.com.<\/span>\n<p class=\"\" data-start=\"218\" data-end=\"259\"><\/p>\t\t\t\t\t\t\t\t<\/div>\n\t\t\t\t<\/div>\n\t\t\t\t\t<\/div>\n\t\t\t\t<\/div>\n\t\t\t\t<\/div>","protected":false},"excerpt":{"rendered":"<p>Last updated: [19 May 2025] This Cookie Policy describes the use of cookies and similar technologies on the InkBooking.com website, in accordance with Regulation (EU) 2016\/679 (GDPR) and Directive 2002\/58\/EC (ePrivacy Directive), as implemented by Estonian law. 1. What Cookies Are Cookies are small text files that a website sends to a user\u2019s device during [&hellip;]<\/p>","protected":false},"author":1,"featured_media":0,"parent":0,"menu_order":0,"comment_status":"closed","ping_status":"closed","template":"","meta":{"_acf_changed":false,"footnotes":""},"class_list":["post-3107","page","type-page","status-publish","hentry"],"acf":[],"yoast_head":"<!-- This site is optimized with the Yoast SEO plugin v25.6 - https:\/\/yoast.com\/wordpress\/plugins\/seo\/ -->\n<title>Cookie Policy - Inkbooking.Com<\/title>\n<meta name=\"robots\" content=\"index, follow, max-snippet:-1, max-image-preview:large, max-video-preview:-1\" \/>\n<link rel=\"canonical\" href=\"https:\/\/inkbooking.com\/sp\/cookie-policy\/\" \/>\n<meta property=\"og:locale\" content=\"es_ES\" \/>\n<meta property=\"og:type\" content=\"article\" \/>\n<meta property=\"og:title\" content=\"Cookie Policy - Inkbooking.Com\" \/>\n<meta property=\"og:description\" content=\"Last updated: [19 May 2025] This Cookie Policy describes the use of cookies and similar technologies on the InkBooking.com website, in accordance with Regulation (EU) 2016\/679 (GDPR) and Directive 2002\/58\/EC (ePrivacy Directive), as implemented by Estonian law. 1. What Cookies Are Cookies are small text files that a website sends to a user\u2019s device during [&hellip;]\" \/>\n<meta property=\"og:url\" content=\"https:\/\/inkbooking.com\/sp\/cookie-policy\/\" \/>\n<meta property=\"og:site_name\" content=\"Inkbooking.Com\" \/>\n<meta property=\"article:modified_time\" content=\"2025-06-10T08:54:17+00:00\" \/>\n<meta name=\"twitter:card\" content=\"summary_large_image\" \/>\n<meta name=\"twitter:label1\" content=\"Tiempo de lectura\" \/>\n\t<meta name=\"twitter:data1\" content=\"13 minutos\" \/>\n<script type=\"application\/ld+json\" class=\"yoast-schema-graph\">{\"@context\":\"https:\/\/schema.org\",\"@graph\":[{\"@type\":\"WebPage\",\"@id\":\"https:\/\/inkbooking.com\/de\/cookie-policy\/\",\"url\":\"https:\/\/inkbooking.com\/de\/cookie-policy\/\",\"name\":\"Cookie Policy - Inkbooking.Com\",\"isPartOf\":{\"@id\":\"https:\/\/inkbooking.com\/en\/#website\"},\"datePublished\":\"2025-05-17T17:44:28+00:00\",\"dateModified\":\"2025-06-10T08:54:17+00:00\",\"breadcrumb\":{\"@id\":\"https:\/\/inkbooking.com\/de\/cookie-policy\/#breadcrumb\"},\"inLanguage\":\"es\",\"potentialAction\":[{\"@type\":\"ReadAction\",\"target\":[\"https:\/\/inkbooking.com\/de\/cookie-policy\/\"]}]},{\"@type\":\"BreadcrumbList\",\"@id\":\"https:\/\/inkbooking.com\/de\/cookie-policy\/#breadcrumb\",\"itemListElement\":[{\"@type\":\"ListItem\",\"position\":1,\"name\":\"Home\",\"item\":\"https:\/\/inkbooking.com\/it\/\"},{\"@type\":\"ListItem\",\"position\":2,\"name\":\"Cookie Policy\"}]},{\"@type\":\"WebSite\",\"@id\":\"https:\/\/inkbooking.com\/en\/#website\",\"url\":\"https:\/\/inkbooking.com\/en\/\",\"name\":\"Inkbooking.Com\",\"description\":\"\",\"potentialAction\":[{\"@type\":\"SearchAction\",\"target\":{\"@type\":\"EntryPoint\",\"urlTemplate\":\"https:\/\/inkbooking.com\/en\/?s={search_term_string}\"},\"query-input\":{\"@type\":\"PropertyValueSpecification\",\"valueRequired\":true,\"valueName\":\"search_term_string\"}}],\"inLanguage\":\"es\"}]}<\/script>\n<!-- \/ Yoast SEO plugin. -->","yoast_head_json":{"title":"Cookie Policy - Inkbooking.Com","robots":{"index":"index","follow":"follow","max-snippet":"max-snippet:-1","max-image-preview":"max-image-preview:large","max-video-preview":"max-video-preview:-1"},"canonical":"https:\/\/inkbooking.com\/sp\/cookie-policy\/","og_locale":"es_ES","og_type":"article","og_title":"Cookie Policy - Inkbooking.Com","og_description":"Last updated: [19 May 2025] This Cookie Policy describes the use of cookies and similar technologies on the InkBooking.com website, in accordance with Regulation (EU) 2016\/679 (GDPR) and Directive 2002\/58\/EC (ePrivacy Directive), as implemented by Estonian law. 1. What Cookies Are Cookies are small text files that a website sends to a user\u2019s device during [&hellip;]","og_url":"https:\/\/inkbooking.com\/sp\/cookie-policy\/","og_site_name":"Inkbooking.Com","article_modified_time":"2025-06-10T08:54:17+00:00","twitter_card":"summary_large_image","twitter_misc":{"Tiempo de lectura":"13 minutos"},"schema":{"@context":"https:\/\/schema.org","@graph":[{"@type":"WebPage","@id":"https:\/\/inkbooking.com\/de\/cookie-policy\/","url":"https:\/\/inkbooking.com\/de\/cookie-policy\/","name":"Cookie Policy - Inkbooking.Com","isPartOf":{"@id":"https:\/\/inkbooking.com\/en\/#website"},"datePublished":"2025-05-17T17:44:28+00:00","dateModified":"2025-06-10T08:54:17+00:00","breadcrumb":{"@id":"https:\/\/inkbooking.com\/de\/cookie-policy\/#breadcrumb"},"inLanguage":"es","potentialAction":[{"@type":"ReadAction","target":["https:\/\/inkbooking.com\/de\/cookie-policy\/"]}]},{"@type":"BreadcrumbList","@id":"https:\/\/inkbooking.com\/de\/cookie-policy\/#breadcrumb","itemListElement":[{"@type":"ListItem","position":1,"name":"Home","item":"https:\/\/inkbooking.com\/it\/"},{"@type":"ListItem","position":2,"name":"Cookie Policy"}]},{"@type":"WebSite","@id":"https:\/\/inkbooking.com\/en\/#website","url":"https:\/\/inkbooking.com\/en\/","name":"Inkbooking.Com","description":"","potentialAction":[{"@type":"SearchAction","target":{"@type":"EntryPoint","urlTemplate":"https:\/\/inkbooking.com\/en\/?s={search_term_string}"},"query-input":{"@type":"PropertyValueSpecification","valueRequired":true,"valueName":"search_term_string"}}],"inLanguage":"es"}]}},"_links":{"self":[{"href":"https:\/\/inkbooking.com\/sp\/wp-json\/wp\/v2\/pages\/3107","targetHints":{"allow":["GET"]}}],"collection":[{"href":"https:\/\/inkbooking.com\/sp\/wp-json\/wp\/v2\/pages"}],"about":[{"href":"https:\/\/inkbooking.com\/sp\/wp-json\/wp\/v2\/types\/page"}],"author":[{"embeddable":true,"href":"https:\/\/inkbooking.com\/sp\/wp-json\/wp\/v2\/users\/1"}],"replies":[{"embeddable":true,"href":"https:\/\/inkbooking.com\/sp\/wp-json\/wp\/v2\/comments?post=3107"}],"version-history":[{"count":38,"href":"https:\/\/inkbooking.com\/sp\/wp-json\/wp\/v2\/pages\/3107\/revisions"}],"predecessor-version":[{"id":3654,"href":"https:\/\/inkbooking.com\/sp\/wp-json\/wp\/v2\/pages\/3107\/revisions\/3654"}],"wp:attachment":[{"href":"https:\/\/inkbooking.com\/sp\/wp-json\/wp\/v2\/media?parent=3107"}],"curies":[{"name":"wp","href":"https:\/\/api.w.org\/{rel}","templated":true}]}}