{"id":2680,"date":"2025-05-07T15:01:17","date_gmt":"2025-05-07T13:01:17","guid":{"rendered":"https:\/\/inkbooking.com\/?page_id=2680"},"modified":"2025-05-29T15:28:43","modified_gmt":"2025-05-29T13:28:43","slug":"professional-registration","status":"publish","type":"page","link":"https:\/\/inkbooking.com\/sp\/professional-registration\/","title":{"rendered":"Professional Registration"},"content":{"rendered":"<div data-elementor-type=\"wp-page\" data-elementor-id=\"2680\" class=\"elementor elementor-2680\">\n\t\t\t\t<div class=\"elementor-element elementor-element-91e9c71 e-flex e-con-boxed e-con e-parent\" data-id=\"91e9c71\" data-element_type=\"container\">\n\t\t\t\t\t<div class=\"e-con-inner\">\n\t\t\t\t<div class=\"elementor-element elementor-element-fce610e elementor-widget elementor-widget-shortcode\" data-id=\"fce610e\" data-element_type=\"widget\" data-widget_type=\"shortcode.default\">\n\t\t\t\t<div class=\"elementor-widget-container\">\n\t\t\t\t\t\t\t<div class=\"elementor-shortcode\"><div class=\"sign-in-form\">\n                    <form enctype=\"multipart\/form-data\" class=\"register listeo-registration-form\" id=\"register\" action=\"https:\/\/inkbooking.com\/wp-login.php?action=register\" method=\"post\">\n                                <div class=\"listeo-register-form-fields-container\" data-otp-type=\"email\">\n                                            <div class=\"account-type\">\n                            <div>\n                                <input type=\"radio\" name=\"user_role\" id=\"freelancer-radio69\" value=\"guest\" class=\"account-type-radio\"  \/>\n                                <label for=\"freelancer-radio69\"><i class=\"sl sl-icon-user\"><\/i> Invitado<\/label>\n                            <\/div>\n                                                            <div>\n                                    <input type=\"radio\" name=\"user_role\" id=\"employer-radio70\" value=\"owner\" class=\"account-type-radio\"  checked \/>\n                                    <label for=\"employer-radio70\"><i class=\"sl sl-icon-briefcase\"><\/i> Propietario<\/label>\n                                <\/div>\n                                                    <\/div>\n                        <div class=\"clearfix\"><\/div>\n                                        \n                    <p class=\"form-row form-row-wide\">\n                        <label for=\"email\">\n                            <i class=\"sl sl-icon-envelope-open\"><\/i>\n                            <input required type=\"email\" placeholder=\"Direcci\u00f3n de correo electr\u00f3nico\" class=\"input-text\" name=\"email\" id=\"email\" value=\"\" \/>\n                        <\/label>\n                    <\/p>\n\n                                            <p class=\"form-row form-row-wide\" id=\"password-row\">\n                            <label for=\"password1\">\n                                <i class=\"sl sl-icon-lock\"><\/i>\n                                <input required placeholder=\"Contrase\u00f1a\" class=\"input-text\" type=\"password\" name=\"password\" id=\"password1\" \/>\n                                <span class=\"pwstrength_viewport_progress\"><\/span>\n\n                            <\/label>\n                        <\/p>\n                    \n                                            <p class=\"form-row form-row-wide\">\n                            <label for=\"first-name\">\n                                <i class=\"sl sl-icon-pencil\"><\/i>\n                                <input required placeholder=\"Nombre\" type=\"text\" name=\"first_name\" id=\"first-name\"><\/label>\n                        <\/p>\n\n                        <p class=\"form-row form-row-wide\">\n                            <label for=\"last-name\">\n                                <i class=\"sl sl-icon-pencil\"><\/i>\n                                <input required placeholder=\"Apellido\" type=\"text\" name=\"last_name\" id=\"last-name\">\n                            <\/label>\n                        <\/p>\n                    \n\n                    \n\n                    <!-- \/\/extra fields -->\n                    <div id=\"listeo-core-registration-fields\">\n                                            <\/div>\n\n\n                    <!-- eof custom fields -->\n\n                    \n                                            <input type=\"hidden\" id=\"rc_action\" name=\"rc_action\" value=\"ws_register\">\n                        <input type=\"hidden\" id=\"token\" name=\"token\">\n                                                                                    <p class=\"form-row margin-top-10 checkboxes margin-bottom-10\">\n                            <input type=\"checkbox\" id=\"privacy_policy_25\" name=\"privacy_policy\">\n                            <label for=\"privacy_policy_25\">Acepto la <a target=\"_blank\" href=\"\">Pol\u00edtica de privacidad<\/a> <\/label>\n\n                        <\/p>\n\n                    \n                                    <\/div>\n                                    <div class=\"otp_registration-wrapper\" style=\"display: none\">\n                                                <div class=\"otp_registration\">\n                            <h4>C\u00f3digo de verificaci\u00f3n<\/h4>\n\n                            <p class=\"form-row margin-top-10 otp_code margin-bottom-10\">\n                                Por favor, ingresa el c\u00f3digo de 4 d\u00edgitos enviado a tu correo electr\u00f3nico.                                                                <span class=\"otp-countdown-valid-text\">El c\u00f3digo es v\u00e1lido por <\/span> <span class=\"otp-countdown\"><\/span>\n                                <a id=\"resend_otp\" class=\"hidden\" href=\"#\">Ha pasado el tiempo, haz clic aqu\u00ed para reenviar el c\u00f3digo<\/a>\n                            <\/p>\n\n\n\n                            <div id=\"listeo_otp-inputs\">\n                                <input type=\" tel\" name=\"listeo_otp[token][code_1]\" required=\"required\" class=\"field__token\" autocomplete=\"off\" data-error=\"error_second_step_authentication_token\" data-input-type=\"user\">\n                                <input type=\"tel\" name=\"listeo_otp[token][code_2]\" required=\"required\" class=\"field__token\" autocomplete=\"off\" data-error=\"error_second_step_authentication_token\" data-input-type=\"user\">\n                                <input type=\"tel\" name=\"listeo_otp[token][code_3]\" required=\"required\" class=\"field__token\" autocomplete=\"off\" data-error=\"error_second_step_authentication_token\" data-input-type=\"user\">\n                                <input type=\"tel\" name=\"listeo_otp[token][code_4]\" required=\"required\" class=\"field__token\" autocomplete=\"off\" data-error=\"error_second_step_authentication_token\" data-input-type=\"user\">\n\n                            <\/div>\n\n                            <span id=\"error_listeo_otp\" class=\"hidden\">C\u00f3digo de autorizaci\u00f3n incorrecto. Intenta de nuevo m\u00e1s tarde.<\/span>\n                            <span id=\"error_listeo_otp_time\" class=\"hidden\">El c\u00f3digo ha expirado. Intenta de nuevo m\u00e1s tarde.<\/span>\n                            <span id=\"error_listeo_otp_general\" class=\"hidden\">Algo sali\u00f3 mal. Intenta de nuevo m\u00e1s tarde.<\/span>\n\n\n                        <\/div>\n                        <input type=\"submit\" class=\"button border fw margin-top-10\" name=\"register\" value=\"Registrarse\" \/>\n                                            <\/div>\n                \n                <input type=\"hidden\" id=\"register_security\" name=\"register_security\" value=\"8b3281564b\" \/><input type=\"hidden\" name=\"_wp_http_referer\" value=\"\/sp\/wp-json\/wp\/v2\/pages\/2680\" \/>\n                                    <a class=\"button fw margin-top-10\" id=\"otp_submit\" name=\"otp\">Registrarse<\/a>\n                                <div class=\"notification error closeable\" style=\"display: none;margin-top: 20px; margin-bottom: 0px;\">\n                    <p><\/p>\n                <\/div>\n\n                <\/form>\n\n                <div class=\"listeo-custom-fields-wrapper\">\n                                                        <\/div>\n            \n            \n            \n            <\/div><\/div>\n\t\t\t\t\t\t<\/div>\n\t\t\t\t<\/div>\n\t\t\t\t\t<\/div>\n\t\t\t\t<\/div>\n\t\t\t\t<\/div>","protected":false},"excerpt":{"rendered":"","protected":false},"author":2,"featured_media":0,"parent":0,"menu_order":0,"comment_status":"closed","ping_status":"closed","template":"","meta":{"_acf_changed":false,"footnotes":""},"class_list":["post-2680","page","type-page","status-publish","hentry"],"acf":[],"yoast_head":"<!-- This site is optimized with the Yoast SEO plugin v25.6 - https:\/\/yoast.com\/wordpress\/plugins\/seo\/ -->\n<title>Professional Registration - Inkbooking.Com<\/title>\n<meta name=\"robots\" content=\"index, follow, max-snippet:-1, max-image-preview:large, max-video-preview:-1\" \/>\n<link rel=\"canonical\" href=\"http:\/\/inkbooking.com\/sp\/professional-registration\/\" \/>\n<meta property=\"og:locale\" content=\"es_ES\" \/>\n<meta property=\"og:type\" content=\"article\" \/>\n<meta property=\"og:title\" content=\"Professional Registration - Inkbooking.Com\" \/>\n<meta property=\"og:url\" content=\"http:\/\/inkbooking.com\/sp\/professional-registration\/\" \/>\n<meta property=\"og:site_name\" content=\"Inkbooking.Com\" \/>\n<meta property=\"article:modified_time\" content=\"2025-05-29T13:28:43+00:00\" \/>\n<meta name=\"twitter:card\" content=\"summary_large_image\" \/>\n<script type=\"application\/ld+json\" class=\"yoast-schema-graph\">{\"@context\":\"https:\/\/schema.org\",\"@graph\":[{\"@type\":\"WebPage\",\"@id\":\"http:\/\/inkbooking.com\/it\/professional-registration\/\",\"url\":\"http:\/\/inkbooking.com\/it\/professional-registration\/\",\"name\":\"Professional Registration - Inkbooking.Com\",\"isPartOf\":{\"@id\":\"https:\/\/inkbooking.com\/en\/#website\"},\"datePublished\":\"2025-05-07T13:01:17+00:00\",\"dateModified\":\"2025-05-29T13:28:43+00:00\",\"breadcrumb\":{\"@id\":\"http:\/\/inkbooking.com\/it\/professional-registration\/#breadcrumb\"},\"inLanguage\":\"es\",\"potentialAction\":[{\"@type\":\"ReadAction\",\"target\":[\"http:\/\/inkbooking.com\/it\/professional-registration\/\"]}]},{\"@type\":\"BreadcrumbList\",\"@id\":\"http:\/\/inkbooking.com\/it\/professional-registration\/#breadcrumb\",\"itemListElement\":[{\"@type\":\"ListItem\",\"position\":1,\"name\":\"Home\",\"item\":\"https:\/\/inkbooking.com\/it\/\"},{\"@type\":\"ListItem\",\"position\":2,\"name\":\"Professional Registration\"}]},{\"@type\":\"WebSite\",\"@id\":\"https:\/\/inkbooking.com\/en\/#website\",\"url\":\"https:\/\/inkbooking.com\/en\/\",\"name\":\"Inkbooking.Com\",\"description\":\"\",\"potentialAction\":[{\"@type\":\"SearchAction\",\"target\":{\"@type\":\"EntryPoint\",\"urlTemplate\":\"https:\/\/inkbooking.com\/en\/?s={search_term_string}\"},\"query-input\":{\"@type\":\"PropertyValueSpecification\",\"valueRequired\":true,\"valueName\":\"search_term_string\"}}],\"inLanguage\":\"es\"}]}<\/script>\n<!-- \/ Yoast SEO plugin. -->","yoast_head_json":{"title":"Professional Registration - Inkbooking.Com","robots":{"index":"index","follow":"follow","max-snippet":"max-snippet:-1","max-image-preview":"max-image-preview:large","max-video-preview":"max-video-preview:-1"},"canonical":"http:\/\/inkbooking.com\/sp\/professional-registration\/","og_locale":"es_ES","og_type":"article","og_title":"Professional Registration - Inkbooking.Com","og_url":"http:\/\/inkbooking.com\/sp\/professional-registration\/","og_site_name":"Inkbooking.Com","article_modified_time":"2025-05-29T13:28:43+00:00","twitter_card":"summary_large_image","schema":{"@context":"https:\/\/schema.org","@graph":[{"@type":"WebPage","@id":"http:\/\/inkbooking.com\/it\/professional-registration\/","url":"http:\/\/inkbooking.com\/it\/professional-registration\/","name":"Professional Registration - Inkbooking.Com","isPartOf":{"@id":"https:\/\/inkbooking.com\/en\/#website"},"datePublished":"2025-05-07T13:01:17+00:00","dateModified":"2025-05-29T13:28:43+00:00","breadcrumb":{"@id":"http:\/\/inkbooking.com\/it\/professional-registration\/#breadcrumb"},"inLanguage":"es","potentialAction":[{"@type":"ReadAction","target":["http:\/\/inkbooking.com\/it\/professional-registration\/"]}]},{"@type":"BreadcrumbList","@id":"http:\/\/inkbooking.com\/it\/professional-registration\/#breadcrumb","itemListElement":[{"@type":"ListItem","position":1,"name":"Home","item":"https:\/\/inkbooking.com\/it\/"},{"@type":"ListItem","position":2,"name":"Professional Registration"}]},{"@type":"WebSite","@id":"https:\/\/inkbooking.com\/en\/#website","url":"https:\/\/inkbooking.com\/en\/","name":"Inkbooking.Com","description":"","potentialAction":[{"@type":"SearchAction","target":{"@type":"EntryPoint","urlTemplate":"https:\/\/inkbooking.com\/en\/?s={search_term_string}"},"query-input":{"@type":"PropertyValueSpecification","valueRequired":true,"valueName":"search_term_string"}}],"inLanguage":"es"}]}},"_links":{"self":[{"href":"https:\/\/inkbooking.com\/sp\/wp-json\/wp\/v2\/pages\/2680","targetHints":{"allow":["GET"]}}],"collection":[{"href":"https:\/\/inkbooking.com\/sp\/wp-json\/wp\/v2\/pages"}],"about":[{"href":"https:\/\/inkbooking.com\/sp\/wp-json\/wp\/v2\/types\/page"}],"author":[{"embeddable":true,"href":"https:\/\/inkbooking.com\/sp\/wp-json\/wp\/v2\/users\/2"}],"replies":[{"embeddable":true,"href":"https:\/\/inkbooking.com\/sp\/wp-json\/wp\/v2\/comments?post=2680"}],"version-history":[{"count":15,"href":"https:\/\/inkbooking.com\/sp\/wp-json\/wp\/v2\/pages\/2680\/revisions"}],"predecessor-version":[{"id":3488,"href":"https:\/\/inkbooking.com\/sp\/wp-json\/wp\/v2\/pages\/2680\/revisions\/3488"}],"wp:attachment":[{"href":"https:\/\/inkbooking.com\/sp\/wp-json\/wp\/v2\/media?parent=2680"}],"curies":[{"name":"wp","href":"https:\/\/api.w.org\/{rel}","templated":true}]}}