{"id":2378,"date":"2018-11-02T10:41:38","date_gmt":"2018-11-02T10:41:38","guid":{"rendered":"http:\/\/listeo.wpengine.com\/?page_id=44"},"modified":"2025-05-30T13:30:59","modified_gmt":"2025-05-30T11:30:59","slug":"insert-profile","status":"publish","type":"page","link":"https:\/\/inkbooking.com\/sp\/insert-profile\/","title":{"rendered":"Insert Profile"},"content":{"rendered":"<!-- <div class=\"notification notice large margin-bottom-55\">\r\n\t<h4>\u00bfNo tienes una cuenta?<\/h4>\r\n\t<p>Si no tienes una cuenta, por favor reg\u00edstrate usando el formulario a continuaci\u00f3n. Se te enviar\u00e1 autom\u00e1ticamente una contrase\u00f1a por correo electr\u00f3nico.<\/p>\r\n<\/div> --><ul class=\"tabs-nav\">\n\t<li id=\"listeo-logintab-btn\" class=\"\"><a href=\"#tab1\">Iniciar sesi\u00f3n<\/a><\/li>\n\t<li id=\"listeo-registration-btn\"><a href=\"#tab2\">Registrarse<\/a><\/li>\n<\/ul>\n\n<div class=\"tabs-container alt\">\n\n\t<!-- Login -->\n\t<div class=\"tab-content\" id=\"tab1\" style=\"display: none;\">\n\t\t\t\t\t\t<form method=\"post\" id=\"login\" class=\"login\" action=\"https:\/\/inkbooking.com\/wp-login.php\">\n\t\t\t\t\n\t\t\t\t\t\t\t\t<p class=\"form-row form-row-wide\">\n\t\t\t\t\t<label for=\"user_login\">\n\t\t\t\t\t\t<i class=\"sl sl-icon-user\"><\/i>\n\t\t\t\t\t\t<input placeholder=\"Nombre de usuario\/Correo electr\u00f3nico\" type=\"text\" class=\"input-text\" name=\"log\" id=\"user_login\" value=\"\" \/>\n\t\t\t\t\t<\/label>\n\t\t\t\t<\/p>\n\n\n\t\t\t\t<p class=\"form-row form-row-wide\">\n\t\t\t\t\t<label for=\"user_pass\">\n\t\t\t\t\t\t<i class=\"sl sl-icon-lock\"><\/i>\n\t\t\t\t\t\t<input placeholder=\"Contrase\u00f1a\" class=\"input-text\" type=\"password\" name=\"pwd\" id=\"user_pass\" \/>\n\n\t\t\t\t\t<\/label>\n\t\t\t\t\t<span class=\"lost_password\">\n\t\t\t\t\t\t<a href=\"https:\/\/inkbooking.com\/wp-login.php?action=lostpassword\">\u00bfPerdiste tu contrase\u00f1a?<\/a>\n\t\t\t\t\t<\/span>\n\t\t\t\t<\/p>\n\n\t\t\t\t<div class=\"form-row\">\n\t\t\t\t\t<input type=\"hidden\" id=\"login_security\" name=\"login_security\" value=\"8b3281564b\" \/><input type=\"hidden\" name=\"_wp_http_referer\" value=\"\/sp\/wp-json\/wp\/v2\/pages\/2378\" \/>\t\t\t\t\t<input type=\"submit\" class=\"button border margin-top-5\" name=\"login\" value=\"Iniciar sesi\u00f3n\" \/>\n\t\t\t\t\t<div class=\"checkboxes margin-top-10\">\n\t\t\t\t\t\t<input name=\"rememberme\" type=\"checkbox\" id=\"remember-me\" value=\"forever\" \/>\n\t\t\t\t\t\t<label for=\"remember-me\">Recu\u00e9rdame<\/label>\n\n\t\t\t\t\t<\/div>\n\t\t\t\t<\/div>\n\t\t\t\t<div class=\"notification error closeable\" style=\"display: none; margin-top: 20px; margin-bottom: 0px;\">\n\t\t\t\t\t<p><\/p>\n\t\t\t\t<\/div>\n\t\t\t\t<\/form>\n\t<\/div>\n\n\t<!-- Register -->\n\t<div class=\"tab-content\" id=\"tab2\" style=\"display: none;\">\n\t\t\t\t\t\t\t<form enctype=\"multipart\/form-data\" class=\"register listeo-registration-form\" id=\"register\" action=\"https:\/\/inkbooking.com\/wp-login.php?action=register\" method=\"post\">\n\t\t\t\t\t\t\t\t\t\t<div class=\"listeo-register-form-fields-container\" data-otp-type=\"email\">\n\t\t\t\t\t\t\t\t\t\t\t\t\t<div class=\"account-type\">\n\t\t\t\t\t\t\t\t<div>\n\t\t\t\t\t\t\t\t\t<input type=\"radio\" name=\"user_role\" id=\"freelancer-radio\" value=\"guest\" class=\"account-type-radio\"  \/>\n\t\t\t\t\t\t\t\t\t<label for=\"freelancer-radio\"><i class=\"sl sl-icon-user\"><\/i> Invitado<\/label>\n\t\t\t\t\t\t\t\t<\/div>\n\t\t\t\t\t\t\t\t\t\t\t\t\t\t\t\t\t<div>\n\t\t\t\t\t\t\t\t\t\t<input type=\"radio\" name=\"user_role\" id=\"employer-radio\" value=\"owner\" class=\"account-type-radio\"  checked \/>\n\t\t\t\t\t\t\t\t\t\t<label for=\"employer-radio\"><i class=\"sl sl-icon-briefcase\"><\/i> Propietario<\/label>\n\t\t\t\t\t\t\t\t\t<\/div>\n\t\t\t\t\t\t\t\t\t\t\t\t\t\t\t<\/div>\n\t\t\t\t\t\t\t<div class=\"clearfix\"><\/div>\n\t\t\t\t\t\t\t\t\t\t\t\t\n\t\t\t\t\t\t<p class=\"form-row form-row-wide\">\n\t\t\t\t\t\t\t<label for=\"email\">\n\t\t\t\t\t\t\t\t<i class=\"sl sl-icon-envelope-open\"><\/i>\n\t\t\t\t\t\t\t\t<input required type=\"email\" placeholder=\"Direcci\u00f3n de correo electr\u00f3nico\" class=\"input-text\" name=\"email\" id=\"email\" value=\"\" \/>\n\t\t\t\t\t\t\t<\/label>\n\t\t\t\t\t\t<\/p>\n\n\t\t\t\t\t\t\t\t\t\t\t\t\t<p class=\"form-row form-row-wide\" id=\"password-row\">\n\t\t\t\t\t\t\t\t<label for=\"password1\">\n\t\t\t\t\t\t\t\t\t<i class=\"sl sl-icon-lock\"><\/i>\n\t\t\t\t\t\t\t\t\t<input required placeholder=\"Contrase\u00f1a\" class=\"input-text\" type=\"password\" name=\"password\" id=\"password1\" \/>\n\t\t\t\t\t\t\t\t\t<span class=\"pwstrength_viewport_progress\"><\/span>\n\n\t\t\t\t\t\t\t\t<\/label>\n\t\t\t\t\t\t\t<\/p>\n\t\t\t\t\t\t\n\t\t\t\t\t\t\t\t\t\t\t\t\t<p class=\"form-row form-row-wide\">\n\t\t\t\t\t\t\t\t<label for=\"first-name\">\n\t\t\t\t\t\t\t\t\t<i class=\"sl sl-icon-pencil\"><\/i>\n\t\t\t\t\t\t\t\t\t<input required placeholder=\"Nombre\" type=\"text\" name=\"first_name\" id=\"first-name\"><\/label>\n\t\t\t\t\t\t\t<\/p>\n\n\t\t\t\t\t\t\t<p class=\"form-row form-row-wide\">\n\t\t\t\t\t\t\t\t<label for=\"last-name\">\n\t\t\t\t\t\t\t\t\t<i class=\"sl sl-icon-pencil\"><\/i>\n\t\t\t\t\t\t\t\t\t<input required placeholder=\"Apellido\" type=\"text\" name=\"last_name\" id=\"last-name\">\n\t\t\t\t\t\t\t\t<\/label>\n\t\t\t\t\t\t\t<\/p>\n\t\t\t\t\t\t\n\t\t\t\t\t\t\n\n\t\t\t\t\t\t<!-- \/\/extra fields -->\n\t\t\t\t\t\t<div id=\"listeo-core-registration-fields\">\n\t\t\t\t\t\t\t\t\t\t\t\t\t<\/div>\n\n\n\t\t\t\t\t\t<!-- eof custom fields -->\n\n\t\t\t\t\t\t\n\t\t\t\t\t\t\t\t\t\t\t\t\t<input type=\"hidden\" id=\"rc_action\" name=\"rc_action\" value=\"ws_register\">\n\t\t\t\t\t\t\t<input type=\"hidden\" id=\"token\" name=\"token\">\n\t\t\t\t\t\t\n\t\t\t\t\t\t\n\t\t\t\t\t\t\t\t\t\t\t\t\t<p class=\"form-row margin-top-10 checkboxes margin-bottom-10\">\n\t\t\t\t\t\t\t\t<input type=\"checkbox\" id=\"privacy_policy\" name=\"privacy_policy\">\n\t\t\t\t\t\t\t\t<label for=\"privacy_policy\">Acepto la <a target=\"_blank\" href=\"\">Pol\u00edtica de privacidad<\/a> <\/label>\n\n\t\t\t\t\t\t\t<\/p>\n\n\t\t\t\t\t\t\n\t\t\t\t\t\t\t\t\t\t\t<\/div>\n\t\t\t\t\t\t\t\t\t\t\t<div class=\"otp_registration-wrapper\" style=\"display: none\">\n\t\t\t\t\t\t\t\t\t\t\t\t\t\t<div class=\"otp_registration\">\n\t\t\t\t\t\t\t\t<h4>C\u00f3digo de verificaci\u00f3n<\/h4>\n\n\t\t\t\t\t\t\t\t<p class=\"form-row margin-top-10 otp_code margin-bottom-10\">\n\n\t\t\t\t\t\t\t\t\tPor favor, ingresa el c\u00f3digo de 4 d\u00edgitos enviado a tu correo electr\u00f3nico.\t\t\t\t\t\t\t\t\t\t\t\t\t\t\t\t\t\t<span class=\"otp-countdown-valid-text\">El c\u00f3digo es v\u00e1lido por <\/span> <span class=\"otp-countdown\"><\/span>\n\t\t\t\t\t\t\t\t\t<a id=\"resend_otp\" class=\"hidden\" href=\"#\">Ha pasado el tiempo, haz clic aqu\u00ed para reenviar el c\u00f3digo<\/a>\n\t\t\t\t\t\t\t\t<\/p>\n\n\n\n\t\t\t\t\t\t\t\t<div id=\"listeo_otp-inputs\">\n\t\t\t\t\t\t\t\t\t<input type=\" tel\" name=\"listeo_otp[token][code_1]\" required=\"required\" class=\"field__token\" autocomplete=\"off\" data-error=\"error_second_step_authentication_token\" data-input-type=\"user\">\n\t\t\t\t\t\t\t\t\t<input type=\"tel\" name=\"listeo_otp[token][code_2]\" required=\"required\" class=\"field__token\" autocomplete=\"off\" data-error=\"error_second_step_authentication_token\" data-input-type=\"user\">\n\t\t\t\t\t\t\t\t\t<input type=\"tel\" name=\"listeo_otp[token][code_3]\" required=\"required\" class=\"field__token\" autocomplete=\"off\" data-error=\"error_second_step_authentication_token\" data-input-type=\"user\">\n\t\t\t\t\t\t\t\t\t<input type=\"tel\" name=\"listeo_otp[token][code_4]\" required=\"required\" class=\"field__token\" autocomplete=\"off\" data-error=\"error_second_step_authentication_token\" data-input-type=\"user\">\n\n\t\t\t\t\t\t\t\t<\/div>\n\n\t\t\t\t\t\t\t\t<span id=\"error_listeo_otp\" class=\"hidden\">C\u00f3digo de autorizaci\u00f3n incorrecto. Intenta de nuevo m\u00e1s tarde.<\/span>\n\t\t\t\t\t\t\t\t<span id=\"error_listeo_otp_time\" class=\"hidden\">El c\u00f3digo ha expirado. Intenta de nuevo m\u00e1s tarde.<\/span>\n\t\t\t\t\t\t\t\t<span id=\"error_listeo_otp_general\" class=\"hidden\">Algo sali\u00f3 mal. Intenta de nuevo m\u00e1s tarde.<\/span>\n\n\n\t\t\t\t\t\t\t<\/div>\n\t\t\t\t\t\t\t<input type=\"submit\" class=\"button border fw margin-top-10\" name=\"register\" value=\"Registrarse\" \/>\n\t\t\t\t\t\t\t\t\t\t\t\t\t<\/div>\n\t\t\t\t\t\n\t\t\t\t\t<input type=\"hidden\" id=\"register_security\" name=\"register_security\" value=\"8b3281564b\" \/><input type=\"hidden\" name=\"_wp_http_referer\" value=\"\/sp\/wp-json\/wp\/v2\/pages\/2378\" \/>\n\t\t\t\t\t\t\t\t\t\t\t<a class=\"button fw margin-top-10\" id=\"otp_submit\" name=\"otp\">Registrarse<\/a>\n\t\t\t\t\t\t\t\t\t\t<div class=\"notification error closeable\" style=\"display: none;margin-top: 20px; margin-bottom: 0px;\">\n\t\t\t\t\t\t<p><\/p>\n\t\t\t\t\t<\/div>\n\n\t\t\t\t\t<\/form>\n\n\t\t\t\t\t<div class=\"listeo-custom-fields-wrapper\">\n\t\t\t\t\t\t\t\t\t\t\t\t\t\t\t\t\t<\/div>\n\t\t\t\t\t<\/div>\n\n<\/div>","protected":false},"excerpt":{"rendered":"","protected":false},"author":1,"featured_media":0,"parent":0,"menu_order":0,"comment_status":"closed","ping_status":"closed","template":"template-dashboard.php","meta":{"_acf_changed":false,"footnotes":""},"class_list":["post-2378","page","type-page","status-publish","hentry"],"acf":[],"yoast_head":"<!-- This site is optimized with the Yoast SEO plugin v25.6 - https:\/\/yoast.com\/wordpress\/plugins\/seo\/ -->\n<title>Insert Profile - Inkbooking.Com<\/title>\n<meta name=\"robots\" content=\"index, follow, max-snippet:-1, max-image-preview:large, max-video-preview:-1\" \/>\n<link rel=\"canonical\" href=\"http:\/\/inkbooking.com\/sp\/insert-profile\/\" \/>\n<meta property=\"og:locale\" content=\"es_ES\" \/>\n<meta property=\"og:type\" content=\"article\" \/>\n<meta property=\"og:title\" content=\"Insert Profile - Inkbooking.Com\" \/>\n<meta property=\"og:url\" content=\"http:\/\/inkbooking.com\/sp\/insert-profile\/\" \/>\n<meta property=\"og:site_name\" content=\"Inkbooking.Com\" \/>\n<meta property=\"article:modified_time\" content=\"2025-05-30T11:30:59+00:00\" \/>\n<meta name=\"twitter:card\" content=\"summary_large_image\" \/>\n<script type=\"application\/ld+json\" class=\"yoast-schema-graph\">{\"@context\":\"https:\/\/schema.org\",\"@graph\":[{\"@type\":\"WebPage\",\"@id\":\"http:\/\/inkbooking.com\/pl\/insert-profile\/\",\"url\":\"http:\/\/inkbooking.com\/pl\/insert-profile\/\",\"name\":\"Insert Profile - Inkbooking.Com\",\"isPartOf\":{\"@id\":\"https:\/\/inkbooking.com\/en\/#website\"},\"datePublished\":\"2018-11-02T10:41:38+00:00\",\"dateModified\":\"2025-05-30T11:30:59+00:00\",\"breadcrumb\":{\"@id\":\"http:\/\/inkbooking.com\/pl\/insert-profile\/#breadcrumb\"},\"inLanguage\":\"es\",\"potentialAction\":[{\"@type\":\"ReadAction\",\"target\":[\"http:\/\/inkbooking.com\/pl\/insert-profile\/\"]}]},{\"@type\":\"BreadcrumbList\",\"@id\":\"http:\/\/inkbooking.com\/pl\/insert-profile\/#breadcrumb\",\"itemListElement\":[{\"@type\":\"ListItem\",\"position\":1,\"name\":\"Home\",\"item\":\"https:\/\/inkbooking.com\/it\/\"},{\"@type\":\"ListItem\",\"position\":2,\"name\":\"Insert Profile\"}]},{\"@type\":\"WebSite\",\"@id\":\"https:\/\/inkbooking.com\/en\/#website\",\"url\":\"https:\/\/inkbooking.com\/en\/\",\"name\":\"Inkbooking.Com\",\"description\":\"\",\"potentialAction\":[{\"@type\":\"SearchAction\",\"target\":{\"@type\":\"EntryPoint\",\"urlTemplate\":\"https:\/\/inkbooking.com\/en\/?s={search_term_string}\"},\"query-input\":{\"@type\":\"PropertyValueSpecification\",\"valueRequired\":true,\"valueName\":\"search_term_string\"}}],\"inLanguage\":\"es\"}]}<\/script>\n<!-- \/ Yoast SEO plugin. -->","yoast_head_json":{"title":"Insert Profile - Inkbooking.Com","robots":{"index":"index","follow":"follow","max-snippet":"max-snippet:-1","max-image-preview":"max-image-preview:large","max-video-preview":"max-video-preview:-1"},"canonical":"http:\/\/inkbooking.com\/sp\/insert-profile\/","og_locale":"es_ES","og_type":"article","og_title":"Insert Profile - Inkbooking.Com","og_url":"http:\/\/inkbooking.com\/sp\/insert-profile\/","og_site_name":"Inkbooking.Com","article_modified_time":"2025-05-30T11:30:59+00:00","twitter_card":"summary_large_image","schema":{"@context":"https:\/\/schema.org","@graph":[{"@type":"WebPage","@id":"http:\/\/inkbooking.com\/pl\/insert-profile\/","url":"http:\/\/inkbooking.com\/pl\/insert-profile\/","name":"Insert Profile - Inkbooking.Com","isPartOf":{"@id":"https:\/\/inkbooking.com\/en\/#website"},"datePublished":"2018-11-02T10:41:38+00:00","dateModified":"2025-05-30T11:30:59+00:00","breadcrumb":{"@id":"http:\/\/inkbooking.com\/pl\/insert-profile\/#breadcrumb"},"inLanguage":"es","potentialAction":[{"@type":"ReadAction","target":["http:\/\/inkbooking.com\/pl\/insert-profile\/"]}]},{"@type":"BreadcrumbList","@id":"http:\/\/inkbooking.com\/pl\/insert-profile\/#breadcrumb","itemListElement":[{"@type":"ListItem","position":1,"name":"Home","item":"https:\/\/inkbooking.com\/it\/"},{"@type":"ListItem","position":2,"name":"Insert Profile"}]},{"@type":"WebSite","@id":"https:\/\/inkbooking.com\/en\/#website","url":"https:\/\/inkbooking.com\/en\/","name":"Inkbooking.Com","description":"","potentialAction":[{"@type":"SearchAction","target":{"@type":"EntryPoint","urlTemplate":"https:\/\/inkbooking.com\/en\/?s={search_term_string}"},"query-input":{"@type":"PropertyValueSpecification","valueRequired":true,"valueName":"search_term_string"}}],"inLanguage":"es"}]}},"_links":{"self":[{"href":"https:\/\/inkbooking.com\/sp\/wp-json\/wp\/v2\/pages\/2378","targetHints":{"allow":["GET"]}}],"collection":[{"href":"https:\/\/inkbooking.com\/sp\/wp-json\/wp\/v2\/pages"}],"about":[{"href":"https:\/\/inkbooking.com\/sp\/wp-json\/wp\/v2\/types\/page"}],"author":[{"embeddable":true,"href":"https:\/\/inkbooking.com\/sp\/wp-json\/wp\/v2\/users\/1"}],"replies":[{"embeddable":true,"href":"https:\/\/inkbooking.com\/sp\/wp-json\/wp\/v2\/comments?post=2378"}],"version-history":[{"count":3,"href":"https:\/\/inkbooking.com\/sp\/wp-json\/wp\/v2\/pages\/2378\/revisions"}],"predecessor-version":[{"id":3495,"href":"https:\/\/inkbooking.com\/sp\/wp-json\/wp\/v2\/pages\/2378\/revisions\/3495"}],"wp:attachment":[{"href":"https:\/\/inkbooking.com\/sp\/wp-json\/wp\/v2\/media?parent=2378"}],"curies":[{"name":"wp","href":"https:\/\/api.w.org\/{rel}","templated":true}]}}