{"id":2616,"date":"2025-05-07T01:11:33","date_gmt":"2025-05-06T23:11:33","guid":{"rendered":"https:\/\/inkbooking.com\/?page_id=2616"},"modified":"2025-06-10T11:40:05","modified_gmt":"2025-06-10T09:40:05","slug":"inkbooking-platform","status":"publish","type":"page","link":"https:\/\/inkbooking.com\/pl\/inkbooking-platform\/","title":{"rendered":"Inkbooking platform"},"content":{"rendered":"<div data-elementor-type=\"wp-page\" data-elementor-id=\"2616\" class=\"elementor elementor-2616\">\n\t\t\t\t<div class=\"elementor-element elementor-element-21eaf5c e-flex e-con-boxed e-con e-parent\" data-id=\"21eaf5c\" data-element_type=\"container\">\n\t\t\t\t\t<div class=\"e-con-inner\">\n\t\t\t\t<div class=\"elementor-element elementor-element-dbfa7af elementor-widget elementor-widget-text-editor\" data-id=\"dbfa7af\" data-element_type=\"widget\" data-no-translation=\"\" data-widget_type=\"text-editor.default\">\n\t\t\t\t<div class=\"elementor-widget-container\">\n\t\t\t\t\t\t\t\t\t<div style=\"    max-width: 800px;    margin: 0 auto;    padding: 20px;    box-sizing: border-box;    text-align: left;\">\n\n  <h1 style=\"margin-top: 0; font-weight: 400;\">Dla u\u017cytkownik\u00f3w prywatnych<\/h1>\n  <p style=\"font-weight: 400; margin-bottom: 1em;\">\n    Ink Booking to portal stworzony, aby upro\u015bci\u0107 spotkania pomi\u0119dzy u\u017cytkownikami a artystami tatua\u017cu, oferuj\u0105c proste i intuicyjne do\u015bwiadczenie. U\u017cytkownicy InkBooking mog\u0105 wyszukiwa\u0107 profesjonalist\u00f3w wed\u0142ug lokalizacji geograficznej lub filtrowa\u0107 ich wg stylu artystycznego. Mog\u0105 przegl\u0105da\u0107 portfolio, aby oceni\u0107 wcze\u015bniejsze prace, kontaktowa\u0107 si\u0119 z artyst\u0105 tatua\u017cu za pomoc\u0105 wewn\u0119trznego systemu wiadomo\u015bci w celu om\u00f3wienia projektu oraz rezerwowa\u0107 termin, sprawdzaj\u0105c harmonogram profesjonalisty. Wszyscy zarejestrowani na InkBooking.com s\u0105 weryfikowani za pomoc\u0105 kodu OTP, aby potwierdzi\u0107 w\u0142asno\u015b\u0107 adresu e-mail u\u017cytego do rejestracji.\n  <\/p>\n\n  <h3 style=\"font-weight: 400;\">U\u017cytkownik prywatny \/ U\u017cytkownik Pro + Profil Profesjonalny<\/h3>\n  <ol style=\"padding-left: 1.2em; margin-bottom: 1em; color: #555;\">\n    <li style=\"margin-bottom: 0.5em;\">U\u017cytkownik prywatny to osoba poszukuj\u0105ca artysty tatua\u017cu lub piercera i chc\u0105ca um\u00f3wi\u0107 si\u0119 na wizyt\u0119.<\/li>\n    <li style=\"margin-bottom: 0.5em;\">U\u017cytkownik Pro to osoba, kt\u00f3ra rejestruje si\u0119 w celu opublikowania Profilu Profesjonalnego.<\/li>\n    <li>Profil Profesjonalny to publiczna strona studia, artysty tatua\u017cu lub piercera, umo\u017cliwiaj\u0105ca publikowanie portfolio, odbieranie wiadomo\u015bci i przyjmowanie rezerwacji. U\u017cytkownik Pro mo\u017ce zarz\u0105dza\u0107 wieloma Profilami Profesjonalnymi.<\/li>\n  <\/ol>\n\n  <h3 style=\"font-weight: 400;\">Us\u0142ugi dla artyst\u00f3w tatua\u017cu i piercingu<\/h3>\n  <p style=\"font-weight: 400; margin-bottom: 1em;\">\n    Ink Booking oferuje profesjonalistom bran\u017cowym\u2014artystom tatua\u017cu, piercerom i studiom tatua\u017cu\u2014dedykowane Profile Profesjonalne, aby najlepiej promowa\u0107 i zarz\u0105dza\u0107 swoj\u0105 dzia\u0142alno\u015bci\u0105. Arty\u015bci tatua\u017cu i piercerzy mog\u0105 utworzy\u0107 Profil Profesjonalny powi\u0105zany z maksymalnie trzema studiami, podczas gdy studia tatua\u017cu mog\u0105 doda\u0107 do pi\u0119ciu wsp\u00f3\u0142pracownik\u00f3w, czy to rezydent\u00f3w, czy go\u015bci. Ka\u017cdy Profil Profesjonalny pozwala na publikowanie godzin pracy, portfolio oraz odbieranie wiadomo\u015bci i rezerwacji od u\u017cytkownik\u00f3w. Rejestracja na InkBooking.com jest bezp\u0142atna, natomiast publikacja Profilu Profesjonalnego wymaga aktywnej subskrypcji\u2014bezp\u0142atnej lub p\u0142atnej. Zobacz stron\u0119 Cennik po wi\u0119cej informacji.\n  <\/p>\n\n  <h3 style=\"font-weight: 400;\">Odznaka zweryfikowanego studia<\/h3>\n  <p style=\"font-weight: 400; margin-bottom: 1em;\">\n    Profile Profesjonalne publikowane przez artyst\u00f3w tatua\u017cu podlegaj\u0105 weryfikacji i zatwierdzeniu przez zesp\u00f3\u0142 InkBooking.com. Arty\u015bci tatua\u017cu, kt\u00f3rzy aktywuj\u0105 subskrypcj\u0119 i przesy\u0142aj\u0105 \u201eCertyfikat Higieny Sanitarnej\u201d wydany przez lokalne w\u0142adze, otrzymuj\u0105 odznak\u0119 \u201eZweryfikowane Studio\u201d. Certyfikat Higieny Sanitarnej musi by\u0107 wydany przez w\u0142adze w kraju, w kt\u00f3rym dzia\u0142a profesjonalista.\n  <\/p>\n\n  <h3 style=\"font-weight: 400;\">O nas<\/h3>\n  <p style=\"font-weight: 400; margin-bottom: 0.5em;\">\n    <strong>InkBooking.com<\/strong> jest projektem nale\u017c\u0105cym do Yoo Multimedia.\n  <\/p>\n  <p style=\"font-weight: 400; margin-bottom: 0;\">\n    Yoo Multimedia to agencja marketingowa i komunikacyjna specjalizuj\u0105ca si\u0119 w portalach internetowych, us\u0142ugach ICT i zarz\u0105dzaniu bazami danych. Aby uzyska\u0107 wi\u0119cej informacji, skorzystaj ze strony Kontakt lub odwied\u017a nasz\u0105 stron\u0119 korporacyjn\u0105: <a href=\"https:\/\/YooMultimedia.com\" target=\"_blank\" rel=\"noopener\">YooMultimedia.com<\/a>\n  <\/p>\n\n<\/div>\n\t\t\t\t\t\t\t\t<\/div>\n\t\t\t\t<\/div>\n\t\t\t\t<div class=\"elementor-element elementor-element-4adfa68 elementor-widget elementor-widget-text-editor\" data-id=\"4adfa68\" data-element_type=\"widget\" data-no-translation=\"\" data-widget_type=\"text-editor.default\">\n\t\t\t\t<div class=\"elementor-widget-container\">\n\t\t\t\t\t<style>.elementor-element-4adfa68{display:none !important}<\/style>\t\t\t\t<\/div>\n\t\t\t\t<\/div>\n\t\t\t\t<div class=\"elementor-element elementor-element-0073d8d elementor-widget elementor-widget-text-editor\" data-id=\"0073d8d\" data-element_type=\"widget\" data-no-translation=\"\" data-widget_type=\"text-editor.default\">\n\t\t\t\t<div class=\"elementor-widget-container\">\n\t\t\t\t\t<style>.elementor-element-0073d8d{display:none !important}<\/style>\t\t\t\t<\/div>\n\t\t\t\t<\/div>\n\t\t\t\t\t<\/div>\n\t\t\t\t<\/div>\n\t\t\t\t<\/div>","protected":false},"excerpt":{"rendered":"<p>For Private Users Ink Booking is a portal designed to simplify the meeting between users and tattoo artists, offering a simple and intuitive experience. InkBooking users can search for professionals by geographic location or filter them by artistic style. Users can view portfolios to evaluate past work, contact the tattoo artist via an internal messaging [&hellip;]<\/p>","protected":false},"author":1,"featured_media":0,"parent":0,"menu_order":0,"comment_status":"closed","ping_status":"closed","template":"","meta":{"_acf_changed":false,"footnotes":""},"class_list":["post-2616","page","type-page","status-publish","hentry"],"acf":[],"yoast_head":"<!-- This site is optimized with the Yoast SEO plugin v25.6 - https:\/\/yoast.com\/wordpress\/plugins\/seo\/ -->\n<title>Inkbooking platform - Inkbooking.Com<\/title>\n<meta name=\"robots\" content=\"index, follow, max-snippet:-1, max-image-preview:large, max-video-preview:-1\" \/>\n<link rel=\"canonical\" href=\"https:\/\/inkbooking.com\/pl\/inkbooking-platform\/\" \/>\n<meta property=\"og:locale\" content=\"pl_PL\" \/>\n<meta property=\"og:type\" content=\"article\" \/>\n<meta property=\"og:title\" content=\"Inkbooking platform - Inkbooking.Com\" \/>\n<meta property=\"og:description\" content=\"For Private Users Ink Booking is a portal designed to simplify the meeting between users and tattoo artists, offering a simple and intuitive experience. InkBooking users can search for professionals by geographic location or filter them by artistic style. Users can view portfolios to evaluate past work, contact the tattoo artist via an internal messaging [&hellip;]\" \/>\n<meta property=\"og:url\" content=\"https:\/\/inkbooking.com\/pl\/inkbooking-platform\/\" \/>\n<meta property=\"og:site_name\" content=\"Inkbooking.Com\" \/>\n<meta property=\"article:modified_time\" content=\"2025-06-10T09:40:05+00:00\" \/>\n<meta name=\"twitter:card\" content=\"summary_large_image\" \/>\n<meta name=\"twitter:label1\" content=\"Szacowany czas czytania\" \/>\n\t<meta name=\"twitter:data1\" content=\"8 minut\" \/>\n<script type=\"application\/ld+json\" class=\"yoast-schema-graph\">{\"@context\":\"https:\/\/schema.org\",\"@graph\":[{\"@type\":\"WebPage\",\"@id\":\"https:\/\/inkbooking.com\/inkbooking-platform\/\",\"url\":\"https:\/\/inkbooking.com\/inkbooking-platform\/\",\"name\":\"Inkbooking platform - Inkbooking.Com\",\"isPartOf\":{\"@id\":\"https:\/\/inkbooking.com\/en\/#website\"},\"datePublished\":\"2025-05-06T23:11:33+00:00\",\"dateModified\":\"2025-06-10T09:40:05+00:00\",\"breadcrumb\":{\"@id\":\"https:\/\/inkbooking.com\/inkbooking-platform\/#breadcrumb\"},\"inLanguage\":\"pl-PL\",\"potentialAction\":[{\"@type\":\"ReadAction\",\"target\":[\"https:\/\/inkbooking.com\/inkbooking-platform\/\"]}]},{\"@type\":\"BreadcrumbList\",\"@id\":\"https:\/\/inkbooking.com\/inkbooking-platform\/#breadcrumb\",\"itemListElement\":[{\"@type\":\"ListItem\",\"position\":1,\"name\":\"Home\",\"item\":\"https:\/\/inkbooking.com\/it\/\"},{\"@type\":\"ListItem\",\"position\":2,\"name\":\"Inkbooking platform\"}]},{\"@type\":\"WebSite\",\"@id\":\"https:\/\/inkbooking.com\/en\/#website\",\"url\":\"https:\/\/inkbooking.com\/en\/\",\"name\":\"Inkbooking.Com\",\"description\":\"\",\"potentialAction\":[{\"@type\":\"SearchAction\",\"target\":{\"@type\":\"EntryPoint\",\"urlTemplate\":\"https:\/\/inkbooking.com\/en\/?s={search_term_string}\"},\"query-input\":{\"@type\":\"PropertyValueSpecification\",\"valueRequired\":true,\"valueName\":\"search_term_string\"}}],\"inLanguage\":\"pl-PL\"}]}<\/script>\n<!-- \/ Yoast SEO plugin. -->","yoast_head_json":{"title":"Inkbooking platform - Inkbooking.Com","robots":{"index":"index","follow":"follow","max-snippet":"max-snippet:-1","max-image-preview":"max-image-preview:large","max-video-preview":"max-video-preview:-1"},"canonical":"https:\/\/inkbooking.com\/pl\/inkbooking-platform\/","og_locale":"pl_PL","og_type":"article","og_title":"Inkbooking platform - Inkbooking.Com","og_description":"For Private Users Ink Booking is a portal designed to simplify the meeting between users and tattoo artists, offering a simple and intuitive experience. InkBooking users can search for professionals by geographic location or filter them by artistic style. Users can view portfolios to evaluate past work, contact the tattoo artist via an internal messaging [&hellip;]","og_url":"https:\/\/inkbooking.com\/pl\/inkbooking-platform\/","og_site_name":"Inkbooking.Com","article_modified_time":"2025-06-10T09:40:05+00:00","twitter_card":"summary_large_image","twitter_misc":{"Szacowany czas czytania":"8 minut"},"schema":{"@context":"https:\/\/schema.org","@graph":[{"@type":"WebPage","@id":"https:\/\/inkbooking.com\/inkbooking-platform\/","url":"https:\/\/inkbooking.com\/inkbooking-platform\/","name":"Inkbooking platform - Inkbooking.Com","isPartOf":{"@id":"https:\/\/inkbooking.com\/en\/#website"},"datePublished":"2025-05-06T23:11:33+00:00","dateModified":"2025-06-10T09:40:05+00:00","breadcrumb":{"@id":"https:\/\/inkbooking.com\/inkbooking-platform\/#breadcrumb"},"inLanguage":"pl-PL","potentialAction":[{"@type":"ReadAction","target":["https:\/\/inkbooking.com\/inkbooking-platform\/"]}]},{"@type":"BreadcrumbList","@id":"https:\/\/inkbooking.com\/inkbooking-platform\/#breadcrumb","itemListElement":[{"@type":"ListItem","position":1,"name":"Home","item":"https:\/\/inkbooking.com\/it\/"},{"@type":"ListItem","position":2,"name":"Inkbooking platform"}]},{"@type":"WebSite","@id":"https:\/\/inkbooking.com\/en\/#website","url":"https:\/\/inkbooking.com\/en\/","name":"Inkbooking.Com","description":"","potentialAction":[{"@type":"SearchAction","target":{"@type":"EntryPoint","urlTemplate":"https:\/\/inkbooking.com\/en\/?s={search_term_string}"},"query-input":{"@type":"PropertyValueSpecification","valueRequired":true,"valueName":"search_term_string"}}],"inLanguage":"pl-PL"}]}},"_links":{"self":[{"href":"https:\/\/inkbooking.com\/pl\/wp-json\/wp\/v2\/pages\/2616","targetHints":{"allow":["GET"]}}],"collection":[{"href":"https:\/\/inkbooking.com\/pl\/wp-json\/wp\/v2\/pages"}],"about":[{"href":"https:\/\/inkbooking.com\/pl\/wp-json\/wp\/v2\/types\/page"}],"author":[{"embeddable":true,"href":"https:\/\/inkbooking.com\/pl\/wp-json\/wp\/v2\/users\/1"}],"replies":[{"embeddable":true,"href":"https:\/\/inkbooking.com\/pl\/wp-json\/wp\/v2\/comments?post=2616"}],"version-history":[{"count":120,"href":"https:\/\/inkbooking.com\/pl\/wp-json\/wp\/v2\/pages\/2616\/revisions"}],"predecessor-version":[{"id":3675,"href":"https:\/\/inkbooking.com\/pl\/wp-json\/wp\/v2\/pages\/2616\/revisions\/3675"}],"wp:attachment":[{"href":"https:\/\/inkbooking.com\/pl\/wp-json\/wp\/v2\/media?parent=2616"}],"curies":[{"name":"wp","href":"https:\/\/api.w.org\/{rel}","templated":true}]}}