{"id":2644,"date":"2025-05-07T01:50:57","date_gmt":"2025-05-06T23:50:57","guid":{"rendered":"https:\/\/inkbooking.com\/?page_id=2644"},"modified":"2025-05-12T11:14:16","modified_gmt":"2025-05-12T09:14:16","slug":"prenotazione-appuntamenti","status":"publish","type":"page","link":"https:\/\/inkbooking.com\/en\/prenotazione-appuntamenti\/","title":{"rendered":"Prenotazione Appuntamenti"},"content":{"rendered":"\t\t<div data-elementor-type=\"wp-page\" data-elementor-id=\"2644\" class=\"elementor elementor-2644\">\n\t\t\t\t<div class=\"elementor-element elementor-element-a53dd81 e-flex e-con-boxed e-con e-parent\" data-id=\"a53dd81\" data-element_type=\"container\">\n\t\t\t\t\t<div class=\"e-con-inner\">\n\t\t\t\t<div class=\"elementor-element elementor-element-51d9a80 elementor-widget elementor-widget-heading\" data-id=\"51d9a80\" data-element_type=\"widget\" data-widget_type=\"heading.default\">\n\t\t\t\t<div class=\"elementor-widget-container\">\n\t\t\t\t\t<h2 class=\"elementor-heading-title elementor-size-default\">Come funziona:<\/h2>\t\t\t\t<\/div>\n\t\t\t\t<\/div>\n\t\t\t\t\t<\/div>\n\t\t\t\t<\/div>\n\t\t<div class=\"elementor-element elementor-element-6b268e0 e-flex e-con-boxed e-con e-parent\" data-id=\"6b268e0\" data-element_type=\"container\">\n\t\t\t\t\t<div class=\"e-con-inner\">\n\t\t\t\t<div class=\"elementor-element elementor-element-7c8dc59 elementor-widget elementor-widget-text-editor\" data-id=\"7c8dc59\" data-element_type=\"widget\" data-widget_type=\"text-editor.default\">\n\t\t\t\t<div class=\"elementor-widget-container\">\n\t\t\t\t\t\t\t\t\t<h5>Con InkBooking gestire gli appuntamenti non \u00e8 mai stato cos\u00ec facile e professionale.<br \/>La piattaforma \u00e8 pensata per offrire un\u2019esperienza comoda sia ai professionisti che ai clienti.<\/h5><h4><br \/>\u2705 Per il cliente<\/h4><ol><li>Scegliere il professionista e accedere al suo profilo InkBooking<\/li><li>Consulta disponibilit\u00e0 e servizi offerti direttamente da calendario<\/li><li>Prenota online in pochi click, selezionando giorno, orario e tipo di servizio<\/li><li>Versa un acconto, se richiesto, per confermare l\u2019appuntamento<\/li><li>Ricevere una conferma\u00a0 da parte del professionista, promemoria via email o notifica<\/li><\/ol><h4>\ud83d\udcbc Per il professionista<\/h4><ol><li>Visualizza e gestisci la tua agenda digitale, sempre aggiornata<\/li><li>Personalizza la disponibilit\u00e0, i servizi, i prezzi e la richiesta di acconto<\/li><li>Ricevi notifiche in tempo reale per ogni nuova prenotazione<\/li><li>Riduci i no-show grazie alla funzione di acconto che hai a disposizione su InkBooking.<\/li><li>Mantieni tutto sotto controllo: clienti, appuntamenti, comunicazioni e promemoria.<\/li><\/ol><p>\u00a0<\/p>\t\t\t\t\t\t\t\t<\/div>\n\t\t\t\t<\/div>\n\t\t\t\t<div class=\"elementor-element elementor-element-0df5c9e elementor-widget elementor-widget-text-editor\" data-id=\"0df5c9e\" data-element_type=\"widget\" data-widget_type=\"text-editor.default\">\n\t\t\t\t<div class=\"elementor-widget-container\">\n\t\t\t\t\t\t\t\t\t<h3>InkBooking \u00e8 lo strumento ideale per chi vuole lavorare meglio, risparmiare tempo e offrire un servizio all\u2019altezza del proprio stile!<\/h3>\t\t\t\t\t\t\t\t<\/div>\n\t\t\t\t<\/div>\n\t\t\t\t\t<\/div>\n\t\t\t\t<\/div>\n\t\t\t\t<\/div>\n\t\t","protected":false},"excerpt":{"rendered":"<p>Come funziona: Con InkBooking gestire gli appuntamenti non \u00e8 mai stato cos\u00ec facile e professionale.La piattaforma \u00e8 pensata per offrire un\u2019esperienza comoda sia ai professionisti che ai clienti. \u2705 Per il cliente Scegliere il professionista e accedere al suo profilo InkBooking Consulta disponibilit\u00e0 e servizi offerti direttamente da calendario Prenota online in pochi click, selezionando [&hellip;]<\/p>\n","protected":false},"author":1,"featured_media":0,"parent":0,"menu_order":0,"comment_status":"closed","ping_status":"closed","template":"","meta":{"_acf_changed":false,"footnotes":""},"class_list":["post-2644","page","type-page","status-publish","hentry"],"acf":[],"yoast_head":"<!-- This site is optimized with the Yoast SEO plugin v25.6 - https:\/\/yoast.com\/wordpress\/plugins\/seo\/ -->\n<title>Prenotazione Appuntamenti - Inkbooking.Com<\/title>\n<meta name=\"robots\" content=\"index, follow, max-snippet:-1, max-image-preview:large, max-video-preview:-1\" \/>\n<link rel=\"canonical\" href=\"https:\/\/inkbooking.com\/en\/prenotazione-appuntamenti\/\" \/>\n<meta property=\"og:locale\" content=\"en_US\" \/>\n<meta property=\"og:type\" content=\"article\" \/>\n<meta property=\"og:title\" content=\"Prenotazione Appuntamenti - Inkbooking.Com\" \/>\n<meta property=\"og:description\" content=\"Come funziona: Con InkBooking gestire gli appuntamenti non \u00e8 mai stato cos\u00ec facile e professionale.La piattaforma \u00e8 pensata per offrire un\u2019esperienza comoda sia ai professionisti che ai clienti. \u2705 Per il cliente Scegliere il professionista e accedere al suo profilo InkBooking Consulta disponibilit\u00e0 e servizi offerti direttamente da calendario Prenota online in pochi click, selezionando [&hellip;]\" \/>\n<meta property=\"og:url\" content=\"https:\/\/inkbooking.com\/en\/prenotazione-appuntamenti\/\" \/>\n<meta property=\"og:site_name\" content=\"Inkbooking.Com\" \/>\n<meta property=\"article:modified_time\" content=\"2025-05-12T09:14:16+00:00\" \/>\n<meta name=\"twitter:card\" content=\"summary_large_image\" \/>\n<meta name=\"twitter:label1\" content=\"Est. reading time\" \/>\n\t<meta name=\"twitter:data1\" content=\"1 minute\" \/>\n<script type=\"application\/ld+json\" class=\"yoast-schema-graph\">{\"@context\":\"https:\/\/schema.org\",\"@graph\":[{\"@type\":\"WebPage\",\"@id\":\"https:\/\/inkbooking.com\/it\/prenotazione-appuntamenti\/\",\"url\":\"https:\/\/inkbooking.com\/it\/prenotazione-appuntamenti\/\",\"name\":\"Prenotazione Appuntamenti - Inkbooking.Com\",\"isPartOf\":{\"@id\":\"https:\/\/inkbooking.com\/en\/#website\"},\"datePublished\":\"2025-05-06T23:50:57+00:00\",\"dateModified\":\"2025-05-12T09:14:16+00:00\",\"breadcrumb\":{\"@id\":\"https:\/\/inkbooking.com\/it\/prenotazione-appuntamenti\/#breadcrumb\"},\"inLanguage\":\"en-US\",\"potentialAction\":[{\"@type\":\"ReadAction\",\"target\":[\"https:\/\/inkbooking.com\/it\/prenotazione-appuntamenti\/\"]}]},{\"@type\":\"BreadcrumbList\",\"@id\":\"https:\/\/inkbooking.com\/it\/prenotazione-appuntamenti\/#breadcrumb\",\"itemListElement\":[{\"@type\":\"ListItem\",\"position\":1,\"name\":\"Home\",\"item\":\"https:\/\/inkbooking.com\/it\/\"},{\"@type\":\"ListItem\",\"position\":2,\"name\":\"Prenotazione Appuntamenti\"}]},{\"@type\":\"WebSite\",\"@id\":\"https:\/\/inkbooking.com\/en\/#website\",\"url\":\"https:\/\/inkbooking.com\/en\/\",\"name\":\"Inkbooking.Com\",\"description\":\"\",\"potentialAction\":[{\"@type\":\"SearchAction\",\"target\":{\"@type\":\"EntryPoint\",\"urlTemplate\":\"https:\/\/inkbooking.com\/en\/?s={search_term_string}\"},\"query-input\":{\"@type\":\"PropertyValueSpecification\",\"valueRequired\":true,\"valueName\":\"search_term_string\"}}],\"inLanguage\":\"en-US\"}]}<\/script>\n<!-- \/ Yoast SEO plugin. -->","yoast_head_json":{"title":"Prenotazione Appuntamenti - Inkbooking.Com","robots":{"index":"index","follow":"follow","max-snippet":"max-snippet:-1","max-image-preview":"max-image-preview:large","max-video-preview":"max-video-preview:-1"},"canonical":"https:\/\/inkbooking.com\/en\/prenotazione-appuntamenti\/","og_locale":"en_US","og_type":"article","og_title":"Prenotazione Appuntamenti - Inkbooking.Com","og_description":"Come funziona: Con InkBooking gestire gli appuntamenti non \u00e8 mai stato cos\u00ec facile e professionale.La piattaforma \u00e8 pensata per offrire un\u2019esperienza comoda sia ai professionisti che ai clienti. \u2705 Per il cliente Scegliere il professionista e accedere al suo profilo InkBooking Consulta disponibilit\u00e0 e servizi offerti direttamente da calendario Prenota online in pochi click, selezionando [&hellip;]","og_url":"https:\/\/inkbooking.com\/en\/prenotazione-appuntamenti\/","og_site_name":"Inkbooking.Com","article_modified_time":"2025-05-12T09:14:16+00:00","twitter_card":"summary_large_image","twitter_misc":{"Est. reading time":"1 minute"},"schema":{"@context":"https:\/\/schema.org","@graph":[{"@type":"WebPage","@id":"https:\/\/inkbooking.com\/it\/prenotazione-appuntamenti\/","url":"https:\/\/inkbooking.com\/it\/prenotazione-appuntamenti\/","name":"Prenotazione Appuntamenti - Inkbooking.Com","isPartOf":{"@id":"https:\/\/inkbooking.com\/en\/#website"},"datePublished":"2025-05-06T23:50:57+00:00","dateModified":"2025-05-12T09:14:16+00:00","breadcrumb":{"@id":"https:\/\/inkbooking.com\/it\/prenotazione-appuntamenti\/#breadcrumb"},"inLanguage":"en-US","potentialAction":[{"@type":"ReadAction","target":["https:\/\/inkbooking.com\/it\/prenotazione-appuntamenti\/"]}]},{"@type":"BreadcrumbList","@id":"https:\/\/inkbooking.com\/it\/prenotazione-appuntamenti\/#breadcrumb","itemListElement":[{"@type":"ListItem","position":1,"name":"Home","item":"https:\/\/inkbooking.com\/it\/"},{"@type":"ListItem","position":2,"name":"Prenotazione Appuntamenti"}]},{"@type":"WebSite","@id":"https:\/\/inkbooking.com\/en\/#website","url":"https:\/\/inkbooking.com\/en\/","name":"Inkbooking.Com","description":"","potentialAction":[{"@type":"SearchAction","target":{"@type":"EntryPoint","urlTemplate":"https:\/\/inkbooking.com\/en\/?s={search_term_string}"},"query-input":{"@type":"PropertyValueSpecification","valueRequired":true,"valueName":"search_term_string"}}],"inLanguage":"en-US"}]}},"_links":{"self":[{"href":"https:\/\/inkbooking.com\/en\/wp-json\/wp\/v2\/pages\/2644","targetHints":{"allow":["GET"]}}],"collection":[{"href":"https:\/\/inkbooking.com\/en\/wp-json\/wp\/v2\/pages"}],"about":[{"href":"https:\/\/inkbooking.com\/en\/wp-json\/wp\/v2\/types\/page"}],"author":[{"embeddable":true,"href":"https:\/\/inkbooking.com\/en\/wp-json\/wp\/v2\/users\/1"}],"replies":[{"embeddable":true,"href":"https:\/\/inkbooking.com\/en\/wp-json\/wp\/v2\/comments?post=2644"}],"version-history":[{"count":10,"href":"https:\/\/inkbooking.com\/en\/wp-json\/wp\/v2\/pages\/2644\/revisions"}],"predecessor-version":[{"id":2819,"href":"https:\/\/inkbooking.com\/en\/wp-json\/wp\/v2\/pages\/2644\/revisions\/2819"}],"wp:attachment":[{"href":"https:\/\/inkbooking.com\/en\/wp-json\/wp\/v2\/media?parent=2644"}],"curies":[{"name":"wp","href":"https:\/\/api.w.org\/{rel}","templated":true}]}}