{"id":2616,"date":"2025-05-07T01:11:33","date_gmt":"2025-05-06T23:11:33","guid":{"rendered":"https:\/\/inkbooking.com\/?page_id=2616"},"modified":"2025-06-10T11:40:05","modified_gmt":"2025-06-10T09:40:05","slug":"inkbooking-platform","status":"publish","type":"page","link":"https:\/\/inkbooking.com\/de\/inkbooking-platform\/","title":{"rendered":"Inkbooking platform"},"content":{"rendered":"<div data-elementor-type=\"wp-page\" data-elementor-id=\"2616\" class=\"elementor elementor-2616\">\n\t\t\t\t<div class=\"elementor-element elementor-element-21eaf5c e-flex e-con-boxed e-con e-parent\" data-id=\"21eaf5c\" data-element_type=\"container\">\n\t\t\t\t\t<div class=\"e-con-inner\">\n\t\t\t\t<div class=\"elementor-element elementor-element-dbfa7af elementor-widget elementor-widget-text-editor\" data-id=\"dbfa7af\" data-element_type=\"widget\" data-no-translation=\"\" data-widget_type=\"text-editor.default\">\n\t\t\t\t<div class=\"elementor-widget-container\">\n\t\t\t\t\t<style>.elementor-element-dbfa7af{display:none !important}<\/style>\t\t\t\t<\/div>\n\t\t\t\t<\/div>\n\t\t\t\t<div class=\"elementor-element elementor-element-4adfa68 elementor-widget elementor-widget-text-editor\" data-id=\"4adfa68\" data-element_type=\"widget\" data-no-translation=\"\" data-widget_type=\"text-editor.default\">\n\t\t\t\t<div class=\"elementor-widget-container\">\n\t\t\t\t\t\t\t\t\t<div style=\"    max-width: 800px;    margin: 0 auto;    padding: 20px;    box-sizing: border-box;    text-align: left;\">\n\n  <h1 style=\"margin-top: 0; font-weight: 400;\">F\u00fcr private Nutzer<\/h1>\n  <p style=\"font-weight: 400; margin-bottom: 1em;\">\n    Ink Booking ist ein Portal, das entwickelt wurde, um das Treffen zwischen Nutzern und Tattoo-K\u00fcnstlern zu vereinfachen und eine einfache und intuitive Erfahrung zu bieten. InkBooking-Nutzer k\u00f6nnen nach Profis anhand geografischer Lage suchen oder sie nach k\u00fcnstlerischem Stil filtern. Sie k\u00f6nnen Portfolios ansehen, um fr\u00fchere Arbeiten zu bewerten, den Tattoo-K\u00fcnstler \u00fcber ein internes Nachrichtensystem kontaktieren, um das Projekt zu besprechen, und einen Termin buchen, indem sie den Kalender des Profis konsultieren. Alle Registrierten auf InkBooking.com werden mit einem OTP-Code verifiziert, um den Besitz der bei der Anmeldung verwendeten E-Mail-Adresse zu best\u00e4tigen.\n  <\/p>\n\n  <h3 style=\"font-weight: 400;\">Privatnutzer \/ Pro-Nutzer + Professionelles Profil<\/h3>\n  <ol style=\"padding-left: 1.2em; margin-bottom: 1em; color: #555;\">\n    <li style=\"margin-bottom: 0.5em;\">Der Privatnutzer ist jemand, der nach einem Tattoo-K\u00fcnstler oder Piercer sucht und einen Termin vereinbaren m\u00f6chte.<\/li>\n    <li style=\"margin-bottom: 0.5em;\">Der Pro-Nutzer ist jemand, der sich registriert, um ein Professionelles Profil zu ver\u00f6ffentlichen.<\/li>\n    <li>Das Professionelle Profil ist die \u00f6ffentliche Seite des Studios, Tattoo-K\u00fcnstlers oder Piercers und erm\u00f6glicht es ihnen, ihr Portfolio zu ver\u00f6ffentlichen, Nachrichten zu empfangen und Buchungen anzunehmen. Ein Pro-Nutzer kann mehrere Professionelle Profile verwalten.<\/li>\n  <\/ol>\n\n  <h3 style=\"font-weight: 400;\">Dienstleistungen f\u00fcr Tattoo-K\u00fcnstler und Piercer<\/h3>\n  <p style=\"font-weight: 400; margin-bottom: 1em;\">\n    Ink Booking bietet Branchenprofis\u2014Tattoo-K\u00fcnstlern, Piercern und Tattoostudios\u2014dedizierte Professionelle Profile, um ihr Gesch\u00e4ft optimal zu bewerben und zu verwalten. Tattoo-K\u00fcnstler und Piercer k\u00f6nnen ein Professionelles Profil erstellen, das mit bis zu drei Studios verkn\u00fcpft ist, w\u00e4hrend Tattoostudios bis zu f\u00fcnf Mitarbeiter \u2013 Ortsans\u00e4ssige oder Gastk\u00fcnstler \u2013 hinzuf\u00fcgen k\u00f6nnen. Jedes Professionelle Profil erm\u00f6glicht die Ver\u00f6ffentlichung von Arbeitszeiten, Portfolios sowie den Empfang von Nachrichten und Buchungen von Nutzern. Die Registrierung auf InkBooking.com ist kostenlos, w\u00e4hrend das Ver\u00f6ffentlichen Professioneller Profile ein aktives Abonnement \u2013 kostenlos oder kostenpflichtig \u2013 erfordert. Siehe die Preisseite f\u00fcr weitere Informationen.\n  <\/p>\n\n  <h3 style=\"font-weight: 400;\">Abzeichen f\u00fcr verifiziertes Studio<\/h3>\n  <p style=\"font-weight: 400; margin-bottom: 1em;\">\n    Professionelle Profile, die von Tattoo-K\u00fcnstlern ver\u00f6ffentlicht werden, unterliegen der Verifizierung und Genehmigung durch das InkBooking.com-Team. Tattoo-K\u00fcnstler, die ein Abonnement aktivieren und ihre \u201eHygienezertifikat\u201c von den \u00f6rtlichen Beh\u00f6rden hochladen, erhalten das Abzeichen \u201eVerifiziertes Studio\u201c. Das Hygienezertifikat muss von den Beh\u00f6rden des Landes ausgestellt sein, in dem der Profi t\u00e4tig ist.\n  <\/p>\n\n  <h3 style=\"font-weight: 400;\">\u00dcber uns<\/h3>\n  <p style=\"font-weight: 400; margin-bottom: 0.5em;\">\n    <strong>InkBooking.com<\/strong> ist ein Projekt im Besitz von Yoo Multimedia.\n  <\/p>\n  <p style=\"font-weight: 400; margin-bottom: 0;\">\n    Yoo Multimedia ist eine Marketing- und Kommunikationsagentur, die sich auf Webportale, ICT-Dienste und Datenbankmanagement spezialisiert hat. F\u00fcr weitere Informationen nutzen Sie die Kontaktseite oder besuchen Sie unsere Firmenwebsite: <a href=\"https:\/\/YooMultimedia.com\" target=\"_blank\" rel=\"noopener\">YooMultimedia.com<\/a>\n  <\/p>\n\n<\/div>\n\t\t\t\t\t\t\t\t<\/div>\n\t\t\t\t<\/div>\n\t\t\t\t<div class=\"elementor-element elementor-element-0073d8d elementor-widget elementor-widget-text-editor\" data-id=\"0073d8d\" data-element_type=\"widget\" data-no-translation=\"\" data-widget_type=\"text-editor.default\">\n\t\t\t\t<div class=\"elementor-widget-container\">\n\t\t\t\t\t<style>.elementor-element-0073d8d{display:none !important}<\/style>\t\t\t\t<\/div>\n\t\t\t\t<\/div>\n\t\t\t\t\t<\/div>\n\t\t\t\t<\/div>\n\t\t\t\t<\/div>","protected":false},"excerpt":{"rendered":"<p>For Private Users Ink Booking is a portal designed to simplify the meeting between users and tattoo artists, offering a simple and intuitive experience. InkBooking users can search for professionals by geographic location or filter them by artistic style. Users can view portfolios to evaluate past work, contact the tattoo artist via an internal messaging [&hellip;]<\/p>","protected":false},"author":1,"featured_media":0,"parent":0,"menu_order":0,"comment_status":"closed","ping_status":"closed","template":"","meta":{"_acf_changed":false,"footnotes":""},"class_list":["post-2616","page","type-page","status-publish","hentry"],"acf":[],"yoast_head":"<!-- This site is optimized with the Yoast SEO plugin v25.6 - https:\/\/yoast.com\/wordpress\/plugins\/seo\/ -->\n<title>Inkbooking platform - Inkbooking.Com<\/title>\n<meta name=\"robots\" content=\"index, follow, max-snippet:-1, max-image-preview:large, max-video-preview:-1\" \/>\n<link rel=\"canonical\" href=\"https:\/\/inkbooking.com\/de\/inkbooking-platform\/\" \/>\n<meta property=\"og:locale\" content=\"de_DE\" \/>\n<meta property=\"og:type\" content=\"article\" \/>\n<meta property=\"og:title\" content=\"Inkbooking platform - Inkbooking.Com\" \/>\n<meta property=\"og:description\" content=\"For Private Users Ink Booking is a portal designed to simplify the meeting between users and tattoo artists, offering a simple and intuitive experience. InkBooking users can search for professionals by geographic location or filter them by artistic style. Users can view portfolios to evaluate past work, contact the tattoo artist via an internal messaging [&hellip;]\" \/>\n<meta property=\"og:url\" content=\"https:\/\/inkbooking.com\/de\/inkbooking-platform\/\" \/>\n<meta property=\"og:site_name\" content=\"Inkbooking.Com\" \/>\n<meta property=\"article:modified_time\" content=\"2025-06-10T09:40:05+00:00\" \/>\n<meta name=\"twitter:card\" content=\"summary_large_image\" \/>\n<meta name=\"twitter:label1\" content=\"Gesch\u00e4tzte Lesezeit\" \/>\n\t<meta name=\"twitter:data1\" content=\"8\u00a0Minuten\" \/>\n<script type=\"application\/ld+json\" class=\"yoast-schema-graph\">{\"@context\":\"https:\/\/schema.org\",\"@graph\":[{\"@type\":\"WebPage\",\"@id\":\"https:\/\/inkbooking.com\/inkbooking-platform\/\",\"url\":\"https:\/\/inkbooking.com\/inkbooking-platform\/\",\"name\":\"Inkbooking platform - Inkbooking.Com\",\"isPartOf\":{\"@id\":\"https:\/\/inkbooking.com\/en\/#website\"},\"datePublished\":\"2025-05-06T23:11:33+00:00\",\"dateModified\":\"2025-06-10T09:40:05+00:00\",\"breadcrumb\":{\"@id\":\"https:\/\/inkbooking.com\/inkbooking-platform\/#breadcrumb\"},\"inLanguage\":\"de\",\"potentialAction\":[{\"@type\":\"ReadAction\",\"target\":[\"https:\/\/inkbooking.com\/inkbooking-platform\/\"]}]},{\"@type\":\"BreadcrumbList\",\"@id\":\"https:\/\/inkbooking.com\/inkbooking-platform\/#breadcrumb\",\"itemListElement\":[{\"@type\":\"ListItem\",\"position\":1,\"name\":\"Home\",\"item\":\"https:\/\/inkbooking.com\/it\/\"},{\"@type\":\"ListItem\",\"position\":2,\"name\":\"Inkbooking platform\"}]},{\"@type\":\"WebSite\",\"@id\":\"https:\/\/inkbooking.com\/en\/#website\",\"url\":\"https:\/\/inkbooking.com\/en\/\",\"name\":\"Inkbooking.Com\",\"description\":\"\",\"potentialAction\":[{\"@type\":\"SearchAction\",\"target\":{\"@type\":\"EntryPoint\",\"urlTemplate\":\"https:\/\/inkbooking.com\/en\/?s={search_term_string}\"},\"query-input\":{\"@type\":\"PropertyValueSpecification\",\"valueRequired\":true,\"valueName\":\"search_term_string\"}}],\"inLanguage\":\"de\"}]}<\/script>\n<!-- \/ Yoast SEO plugin. -->","yoast_head_json":{"title":"Inkbooking platform - Inkbooking.Com","robots":{"index":"index","follow":"follow","max-snippet":"max-snippet:-1","max-image-preview":"max-image-preview:large","max-video-preview":"max-video-preview:-1"},"canonical":"https:\/\/inkbooking.com\/de\/inkbooking-platform\/","og_locale":"de_DE","og_type":"article","og_title":"Inkbooking platform - Inkbooking.Com","og_description":"For Private Users Ink Booking is a portal designed to simplify the meeting between users and tattoo artists, offering a simple and intuitive experience. InkBooking users can search for professionals by geographic location or filter them by artistic style. Users can view portfolios to evaluate past work, contact the tattoo artist via an internal messaging [&hellip;]","og_url":"https:\/\/inkbooking.com\/de\/inkbooking-platform\/","og_site_name":"Inkbooking.Com","article_modified_time":"2025-06-10T09:40:05+00:00","twitter_card":"summary_large_image","twitter_misc":{"Gesch\u00e4tzte Lesezeit":"8\u00a0Minuten"},"schema":{"@context":"https:\/\/schema.org","@graph":[{"@type":"WebPage","@id":"https:\/\/inkbooking.com\/inkbooking-platform\/","url":"https:\/\/inkbooking.com\/inkbooking-platform\/","name":"Inkbooking platform - Inkbooking.Com","isPartOf":{"@id":"https:\/\/inkbooking.com\/en\/#website"},"datePublished":"2025-05-06T23:11:33+00:00","dateModified":"2025-06-10T09:40:05+00:00","breadcrumb":{"@id":"https:\/\/inkbooking.com\/inkbooking-platform\/#breadcrumb"},"inLanguage":"de","potentialAction":[{"@type":"ReadAction","target":["https:\/\/inkbooking.com\/inkbooking-platform\/"]}]},{"@type":"BreadcrumbList","@id":"https:\/\/inkbooking.com\/inkbooking-platform\/#breadcrumb","itemListElement":[{"@type":"ListItem","position":1,"name":"Home","item":"https:\/\/inkbooking.com\/it\/"},{"@type":"ListItem","position":2,"name":"Inkbooking platform"}]},{"@type":"WebSite","@id":"https:\/\/inkbooking.com\/en\/#website","url":"https:\/\/inkbooking.com\/en\/","name":"Inkbooking.Com","description":"","potentialAction":[{"@type":"SearchAction","target":{"@type":"EntryPoint","urlTemplate":"https:\/\/inkbooking.com\/en\/?s={search_term_string}"},"query-input":{"@type":"PropertyValueSpecification","valueRequired":true,"valueName":"search_term_string"}}],"inLanguage":"de"}]}},"_links":{"self":[{"href":"https:\/\/inkbooking.com\/de\/wp-json\/wp\/v2\/pages\/2616","targetHints":{"allow":["GET"]}}],"collection":[{"href":"https:\/\/inkbooking.com\/de\/wp-json\/wp\/v2\/pages"}],"about":[{"href":"https:\/\/inkbooking.com\/de\/wp-json\/wp\/v2\/types\/page"}],"author":[{"embeddable":true,"href":"https:\/\/inkbooking.com\/de\/wp-json\/wp\/v2\/users\/1"}],"replies":[{"embeddable":true,"href":"https:\/\/inkbooking.com\/de\/wp-json\/wp\/v2\/comments?post=2616"}],"version-history":[{"count":120,"href":"https:\/\/inkbooking.com\/de\/wp-json\/wp\/v2\/pages\/2616\/revisions"}],"predecessor-version":[{"id":3675,"href":"https:\/\/inkbooking.com\/de\/wp-json\/wp\/v2\/pages\/2616\/revisions\/3675"}],"wp:attachment":[{"href":"https:\/\/inkbooking.com\/de\/wp-json\/wp\/v2\/media?parent=2616"}],"curies":[{"name":"wp","href":"https:\/\/api.w.org\/{rel}","templated":true}]}}